{"id":7,"date":"2020-10-12T17:15:35","date_gmt":"2020-10-12T17:15:35","guid":{"rendered":"http:\/\/nutricion.losconsultorios.com.ar\/?page_id=7"},"modified":"2020-10-13T04:17:25","modified_gmt":"2020-10-13T04:17:25","slug":"acerca-de","status":"publish","type":"page","link":"https:\/\/nutricion.losconsultorios.com.ar\/index.php\/acerca-de\/","title":{"rendered":"Acerca de Mi"},"content":{"rendered":"\n<p>Soy licenciada en Nutrici\u00f3n, especialista en Cl\u00ednica metab\u00f3lica, Nutrici\u00f3n Deportiva .\u00a0Me recib\u00ed en Mendoza en el 2000 y hace 10 a\u00f1os trabajo como jefa de servicio de Alimentaci\u00f3n en Cl\u00ednica Juan Domingo Per\u00f3n, sindicato de petroleros.\u00a0\u00a0Soy parte del staff de Corefit, centro de entrenamiento Funcional, donde combinamos el entrenamiento f\u00edsico y la Nutrici\u00f3n como pilares del cambio de h\u00e1bitos para mejorar Salud.\u00a0Atenci\u00f3n de pacientes presencial y on-line desde la nutrici\u00f3n consciente, cognitiva conductual.<\/p>\n","protected":false},"excerpt":{"rendered":"<p>Soy licenciada en Nutrici\u00f3n, especialista en Cl\u00ednica metab\u00f3lica, Nutrici\u00f3n Deportiva .\u00a0Me recib\u00ed en Mendoza en el 2000 y hace 10 a\u00f1os trabajo como jefa de servicio de Alimentaci\u00f3n en Cl\u00ednica Juan Domingo Per\u00f3n, sindicato de petroleros.\u00a0\u00a0Soy parte del staff de Corefit, centro de entrenamiento Funcional, donde combinamos el entrenamiento f\u00edsico y la Nutrici\u00f3n como pilares &hellip;<\/p>\n<p class=\"read-more\"> <a class=\"\" href=\"https:\/\/nutricion.losconsultorios.com.ar\/index.php\/acerca-de\/\"> <span class=\"screen-reader-text\">Acerca de Mi<\/span> Leer m\u00e1s &raquo;<\/a><\/p>\n","protected":false},"author":1,"featured_media":0,"parent":0,"menu_order":1,"comment_status":"closed","ping_status":"closed","template":"","meta":[],"_links":{"self":[{"href":"https:\/\/nutricion.losconsultorios.com.ar\/index.php\/wp-json\/wp\/v2\/pages\/7"}],"collection":[{"href":"https:\/\/nutricion.losconsultorios.com.ar\/index.php\/wp-json\/wp\/v2\/pages"}],"about":[{"href":"https:\/\/nutricion.losconsultorios.com.ar\/index.php\/wp-json\/wp\/v2\/types\/page"}],"author":[{"embeddable":true,"href":"https:\/\/nutricion.losconsultorios.com.ar\/index.php\/wp-json\/wp\/v2\/users\/1"}],"replies":[{"embeddable":true,"href":"https:\/\/nutricion.losconsultorios.com.ar\/index.php\/wp-json\/wp\/v2\/comments?post=7"}],"version-history":[{"count":3,"href":"https:\/\/nutricion.losconsultorios.com.ar\/index.php\/wp-json\/wp\/v2\/pages\/7\/revisions"}],"predecessor-version":[{"id":84,"href":"https:\/\/nutricion.losconsultorios.com.ar\/index.php\/wp-json\/wp\/v2\/pages\/7\/revisions\/84"}],"wp:attachment":[{"href":"https:\/\/nutricion.losconsultorios.com.ar\/index.php\/wp-json\/wp\/v2\/media?parent=7"}],"curies":[{"name":"wp","href":"https:\/\/api.w.org\/{rel}","templated":true}]}}