{"id":37,"date":"2020-10-12T18:00:46","date_gmt":"2020-10-12T18:00:46","guid":{"rendered":"http:\/\/nutricion.losconsultorios.com.ar\/?page_id=37"},"modified":"2020-10-12T19:18:41","modified_gmt":"2020-10-12T19:18:41","slug":"plan-nutricional","status":"publish","type":"page","link":"https:\/\/nutricion.losconsultorios.com.ar\/index.php\/plan-nutricional\/","title":{"rendered":"Plan Nutricional"},"content":{"rendered":"<div class=\"wpforms-container wpforms-container-full\" id=\"wpforms-48\"><form id=\"wpforms-form-48\" class=\"wpforms-validate wpforms-form\" data-formid=\"48\" method=\"post\" enctype=\"multipart\/form-data\" action=\"\/index.php\/wp-json\/wp\/v2\/pages\/37\" data-token=\"5ceac35028faef1e4775c634cf5a29fa\"><noscript class=\"wpforms-error-noscript\">Por favor, activa JavaScript en tu navegador para completar este formulario.<\/noscript><div class=\"wpforms-field-container\"><div id=\"wpforms-48-field_1-container\" class=\"wpforms-field wpforms-field-name\" data-field-id=\"1\"><label class=\"wpforms-field-label\" for=\"wpforms-48-field_1\">Nombre y Apellido <span class=\"wpforms-required-label\">*<\/span><\/label><input type=\"text\" id=\"wpforms-48-field_1\" class=\"wpforms-field-medium wpforms-field-required\" name=\"wpforms[fields][1]\" required><\/div><div id=\"wpforms-48-field_2-container\" class=\"wpforms-field wpforms-field-email\" data-field-id=\"2\"><label class=\"wpforms-field-label\" for=\"wpforms-48-field_2\">Correo electr\u00f3nico <span class=\"wpforms-required-label\">*<\/span><\/label><input type=\"email\" id=\"wpforms-48-field_2\" class=\"wpforms-field-medium wpforms-field-required\" name=\"wpforms[fields][2]\" required><\/div><div id=\"wpforms-48-field_3-container\" class=\"wpforms-field wpforms-field-text\" data-field-id=\"3\"><label class=\"wpforms-field-label\" for=\"wpforms-48-field_3\">Fecha de Nacimiento <span class=\"wpforms-required-label\">*<\/span><\/label><input type=\"text\" id=\"wpforms-48-field_3\" class=\"wpforms-field-small wpforms-field-required\" name=\"wpforms[fields][3]\" required><\/div><div id=\"wpforms-48-field_4-container\" class=\"wpforms-field wpforms-field-text\" data-field-id=\"4\"><label class=\"wpforms-field-label\" for=\"wpforms-48-field_4\">Celular <span class=\"wpforms-required-label\">*<\/span><\/label><input type=\"text\" id=\"wpforms-48-field_4\" class=\"wpforms-field-small wpforms-field-required\" name=\"wpforms[fields][4]\" required><\/div><div id=\"wpforms-48-field_5-container\" class=\"wpforms-field wpforms-field-text\" data-field-id=\"5\"><label class=\"wpforms-field-label\" for=\"wpforms-48-field_5\">Motivo de la consulta - Objetivos <span class=\"wpforms-required-label\">*<\/span><\/label><input type=\"text\" id=\"wpforms-48-field_5\" class=\"wpforms-field-medium wpforms-field-required\" name=\"wpforms[fields][5]\" required><\/div><div id=\"wpforms-48-field_6-container\" class=\"wpforms-field wpforms-field-text\" data-field-id=\"6\"><label class=\"wpforms-field-label\" for=\"wpforms-48-field_6\">Hac\u00e9s ejercicio? Qu\u00e9 tipo de ejercicio? Cu\u00e1ntas veces por semana? <span class=\"wpforms-required-label\">*<\/span><\/label><input type=\"text\" id=\"wpforms-48-field_6\" class=\"wpforms-field-medium wpforms-field-required\" name=\"wpforms[fields][6]\" required><\/div><div id=\"wpforms-48-field_8-container\" class=\"wpforms-field wpforms-field-text\" data-field-id=\"8\"><label class=\"wpforms-field-label\" for=\"wpforms-48-field_8\">Cu\u00e1nto pes\u00e1s? <span class=\"wpforms-required-label\">*<\/span><\/label><input type=\"text\" id=\"wpforms-48-field_8\" class=\"wpforms-field-small wpforms-field-required\" name=\"wpforms[fields][8]\" required><\/div><div id=\"wpforms-48-field_9-container\" class=\"wpforms-field wpforms-field-text\" data-field-id=\"9\"><label class=\"wpforms-field-label\" for=\"wpforms-48-field_9\">Cu\u00e1nto med\u00eds? <span class=\"wpforms-required-label\">*<\/span><\/label><input type=\"text\" id=\"wpforms-48-field_9\" class=\"wpforms-field-small wpforms-field-required\" name=\"wpforms[fields][9]\" required><\/div><div id=\"wpforms-48-field_7-container\" class=\"wpforms-field wpforms-field-text\" data-field-id=\"7\"><label class=\"wpforms-field-label\" for=\"wpforms-48-field_7\">Cu\u00e1l es tu actividad cotidiana? Cu\u00e1l es tu trabajo? <span class=\"wpforms-required-label\">*<\/span><\/label><input type=\"text\" id=\"wpforms-48-field_7\" class=\"wpforms-field-medium wpforms-field-required\" name=\"wpforms[fields][7]\" required><\/div><div id=\"wpforms-48-field_10-container\" class=\"wpforms-field wpforms-field-text\" data-field-id=\"10\"><label class=\"wpforms-field-label\" for=\"wpforms-48-field_10\">Alguna enfermedad? C\u00faal? <span class=\"wpforms-required-label\">*<\/span><\/label><input type=\"text\" id=\"wpforms-48-field_10\" class=\"wpforms-field-medium wpforms-field-required\" name=\"wpforms[fields][10]\" required><\/div><div id=\"wpforms-48-field_11-container\" class=\"wpforms-field wpforms-field-text\" data-field-id=\"11\"><label class=\"wpforms-field-label\" for=\"wpforms-48-field_11\">Consum\u00eds medicamentos o suplementos? Cu\u00e1les? <span class=\"wpforms-required-label\">*<\/span><\/label><input type=\"text\" id=\"wpforms-48-field_11\" class=\"wpforms-field-medium wpforms-field-required\" name=\"wpforms[fields][11]\" required><\/div><div id=\"wpforms-48-field_12-container\" class=\"wpforms-field wpforms-field-text\" data-field-id=\"12\"><label class=\"wpforms-field-label\" for=\"wpforms-48-field_12\">Vegano o vegetariano? <span class=\"wpforms-required-label\">*<\/span><\/label><input type=\"text\" id=\"wpforms-48-field_12\" class=\"wpforms-field-small wpforms-field-required\" name=\"wpforms[fields][12]\" required><\/div><div id=\"wpforms-48-field_13-container\" class=\"wpforms-field wpforms-field-textarea\" data-field-id=\"13\"><label class=\"wpforms-field-label\" for=\"wpforms-48-field_13\">Qu\u00e9 com\u00e9s a modo de ejemplo en un d\u00eda normal? <span class=\"wpforms-required-label\">*<\/span><\/label><textarea id=\"wpforms-48-field_13\" class=\"wpforms-field-medium wpforms-field-required\" name=\"wpforms[fields][13]\" required><\/textarea><div class=\"wpforms-field-description\">Desayuno, almuerzo, merienda y cena.<\/div><\/div><div id=\"wpforms-48-field_14-container\" class=\"wpforms-field wpforms-field-text\" data-field-id=\"14\"><label class=\"wpforms-field-label\" for=\"wpforms-48-field_14\">Consum\u00eds algo entre comidas? <span class=\"wpforms-required-label\">*<\/span><\/label><input type=\"text\" id=\"wpforms-48-field_14\" class=\"wpforms-field-small wpforms-field-required\" name=\"wpforms[fields][14]\" required><\/div><div id=\"wpforms-48-field_15-container\" class=\"wpforms-field wpforms-field-text\" data-field-id=\"15\"><label class=\"wpforms-field-label\" for=\"wpforms-48-field_15\">Tom\u00e1s agua durante tu d\u00eda? Cu\u00e1nta? <span class=\"wpforms-required-label\">*<\/span><\/label><input type=\"text\" id=\"wpforms-48-field_15\" class=\"wpforms-field-medium wpforms-field-required\" name=\"wpforms[fields][15]\" required><\/div><div id=\"wpforms-48-field_16-container\" class=\"wpforms-field wpforms-field-textarea\" data-field-id=\"16\"><label class=\"wpforms-field-label\" for=\"wpforms-48-field_16\">Que alimentos no te gustan? <span class=\"wpforms-required-label\">*<\/span><\/label><textarea id=\"wpforms-48-field_16\" class=\"wpforms-field-medium wpforms-field-required\" name=\"wpforms[fields][16]\" required><\/textarea><\/div><\/div><div class=\"wpforms-submit-container\" ><input type=\"hidden\" name=\"wpforms[id]\" value=\"48\"><input type=\"hidden\" name=\"wpforms[author]\" value=\"1\"><button type=\"submit\" name=\"wpforms[submit]\" class=\"wpforms-submit \" id=\"wpforms-submit-48\" value=\"wpforms-submit\" aria-live=\"assertive\" data-alt-text=\"Enviando...\" data-submit-text=\"Enviar\">Enviar<\/button><\/div><\/form><\/div>  <!-- .wpforms-container -->","protected":false},"excerpt":{"rendered":"","protected":false},"author":1,"featured_media":0,"parent":0,"menu_order":3,"comment_status":"closed","ping_status":"closed","template":"","meta":[],"_links":{"self":[{"href":"https:\/\/nutricion.losconsultorios.com.ar\/index.php\/wp-json\/wp\/v2\/pages\/37"}],"collection":[{"href":"https:\/\/nutricion.losconsultorios.com.ar\/index.php\/wp-json\/wp\/v2\/pages"}],"about":[{"href":"https:\/\/nutricion.losconsultorios.com.ar\/index.php\/wp-json\/wp\/v2\/types\/page"}],"author":[{"embeddable":true,"href":"https:\/\/nutricion.losconsultorios.com.ar\/index.php\/wp-json\/wp\/v2\/users\/1"}],"replies":[{"embeddable":true,"href":"https:\/\/nutricion.losconsultorios.com.ar\/index.php\/wp-json\/wp\/v2\/comments?post=37"}],"version-history":[{"count":2,"href":"https:\/\/nutricion.losconsultorios.com.ar\/index.php\/wp-json\/wp\/v2\/pages\/37\/revisions"}],"predecessor-version":[{"id":49,"href":"https:\/\/nutricion.losconsultorios.com.ar\/index.php\/wp-json\/wp\/v2\/pages\/37\/revisions\/49"}],"wp:attachment":[{"href":"https:\/\/nutricion.losconsultorios.com.ar\/index.php\/wp-json\/wp\/v2\/media?parent=37"}],"curies":[{"name":"wp","href":"https:\/\/api.w.org\/{rel}","templated":true}]}}